{"id":1638,"date":"2019-01-03T12:53:11","date_gmt":"2019-01-03T11:53:11","guid":{"rendered":"https:\/\/www.fundacionamalio.com\/?page_id=1638"},"modified":"2019-02-20T20:50:31","modified_gmt":"2019-02-20T19:50:31","slug":"visitas-guiadas-sevilla","status":"publish","type":"page","link":"https:\/\/www.fundacionamalio.com\/index.php\/visitas-guiadas-sevilla\/","title":{"rendered":"Experiencias"},"content":{"rendered":"<p>[vc_row sy_vc_row_extra_padding=\u00bb1&#8243;][vc_column][rev_slider_vc alias=\u00bbcontacto\u00bb][\/vc_column][\/vc_row][vc_row full_width=\u00bbstretch_row\u00bb sy_vc_row_extra_padding=\u00bb1&#8243;][vc_column css=\u00bb.vc_custom_1543852650947{padding-bottom: 40px !important;}\u00bb][vc_row_inner][vc_column_inner el_class=\u00bbborrarico\u00bb width=\u00bb1\/2&#8243;][vc_separator color=\u00bbblack\u00bb border_width=\u00bb3&#8243;][vc_column_text]<span style=\"font-size: 24pt; color: #000000;\"><strong>Ruta Amaliana<br \/>\n<\/strong><\/span><span style=\"font-size: 14pt;\"><em><strong><span style=\"color: #000000;\">Sevilla sobre el lienzo<br \/>\n<\/span><\/strong><\/em><\/span><span style=\"color: #000000;\">Visita guiada por los lugares desde los que el artista pint\u00f3 la Giralda, la torre de la catedral, terminando en su casa-estudio, actual sede de su fundaci\u00f3n.<br \/>\n<\/span><span style=\"color: #000000;\"><strong>Duraci\u00f3n<\/strong>: 1:30hrs&nbsp; &nbsp; &nbsp;<strong>Precio<\/strong>:12\u20ac<\/span><\/p>\n<p><span style=\"font-size: 24pt; color: #000000;\"><strong>Experiencia sensorial<br \/>\n<\/strong><\/span><span style=\"font-size: 14pt;\"><em><strong><span style=\"color: #000000;\">Ver sin la mirada<br \/>\n<\/span><\/strong><\/em><\/span><span style=\"color: #000000;\"><strong>Ver sin la mirada<\/strong> es una visita sensorial en la que se utilizan otros sentidos como el tacto, el o\u00eddo o el olfato adem\u00e1s del de la vista para entrar en el mundo del pintor y sentir el mensaje del artista.<br \/>\n<\/span><span style=\"color: #000000;\"><strong>Duraci\u00f3n<\/strong>: 60min&nbsp; &nbsp; &nbsp;<strong>Precio<\/strong>:5\u20ac<\/span><\/p>\n<p><span style=\"font-size: 24pt; color: #000000;\"><strong>Visita guiada<br \/>\n<\/strong><\/span><span style=\"font-size: 14pt;\"><em><strong><span style=\"color: #000000;\">Conoce la casa-estudio del pintor<br \/>\n<\/span><\/strong><\/em><\/span><span style=\"color: #000000;\"><strong>Visita guiada<\/strong> por las salas de la casa-estudio del pintor Amalio, actual sede de la fundaci\u00f3n que lleva su nombre en la plaza Do\u00f1a Elvira de Sevilla.<br \/>\n<\/span><span style=\"color: #000000;\"><strong>Duraci\u00f3n<\/strong>: 45min&nbsp; &nbsp; &nbsp;<strong>Precio<\/strong>:3\u20ac<\/span>[\/vc_column_text][\/vc_column_inner][vc_column_inner width=\u00bb1\/2&#8243;][vc_separator color=\u00bbblack\u00bb border_width=\u00bb3&#8243;][tw_section_title text_align=\u00bbtext-left\u00bb sub_title=\u00bbRESERVA TU EXPERIENCIA\u00bb st_m_bottom=\u00bb45&#8243; st_tit_font_size=\u00bb50&#8243; st_tit_line_height=\u00bb60&#8243;][tw_contact_form_7 tw_contact_form_shortcode=\u00bb6&#8243;][\/vc_column_inner][\/vc_row_inner][\/vc_column][vc_column][vc_column_text]<iframe loading=\"lazy\" style=\"border: 0;\" src=\"https:\/\/www.google.com\/maps\/embed?pb=!1m14!1m8!1m3!1d12680.851618941004!2d-5.990449!3d37.384797!3m2!1i1024!2i768!4f13.1!3m3!1m2!1s0x0%3A0x714a0d83e7be9667!2sMuseo+pintor+Amalio!5e0!3m2!1ses!2ses!4v1543943051975\" width=\"100%\" height=\"450\" frameborder=\"0\" allowfullscreen=\"allowfullscreen\"><\/iframe>[\/vc_column_text][\/vc_column][\/vc_row]<\/p>\n","protected":false},"excerpt":{"rendered":"<p>[vc_row sy_vc_row_extra_padding=\u00bb1&#8243;][vc_column][rev_slider_vc alias=\u00bbcontacto\u00bb][\/vc_column][\/vc_row][vc_row full_width=\u00bbstretch_row\u00bb sy_vc_row_extra_padding=\u00bb1&#8243;][vc_column css=\u00bb.vc_custom_1543852650947{padding-bottom: 40px !important;}\u00bb][vc_row_inner][vc_column_inner el_class=\u00bbborrarico\u00bb width=\u00bb1\/2&#8243;][vc_separator color=\u00bbblack\u00bb border_width=\u00bb3&#8243;][vc_column_text]Ruta Amaliana Sevilla sobre el lienzo Visita guiada por los lugares desde los que el artista pint\u00f3 la Giralda, la torre de la catedral, terminando en su casa-estudio, actual sede de su fundaci\u00f3n. Duraci\u00f3n: 1:30hrs&nbsp; &nbsp; &nbsp;Precio:12\u20ac Experiencia sensorial Ver sin la mirada Ver [&hellip;]<\/p>\n","protected":false},"author":1,"featured_media":1288,"parent":0,"menu_order":0,"comment_status":"closed","ping_status":"closed","template":"page-templates\/home-page.php","meta":{"ngg_post_thumbnail":0},"_links":{"self":[{"href":"https:\/\/www.fundacionamalio.com\/index.php\/wp-json\/wp\/v2\/pages\/1638"}],"collection":[{"href":"https:\/\/www.fundacionamalio.com\/index.php\/wp-json\/wp\/v2\/pages"}],"about":[{"href":"https:\/\/www.fundacionamalio.com\/index.php\/wp-json\/wp\/v2\/types\/page"}],"author":[{"embeddable":true,"href":"https:\/\/www.fundacionamalio.com\/index.php\/wp-json\/wp\/v2\/users\/1"}],"replies":[{"embeddable":true,"href":"https:\/\/www.fundacionamalio.com\/index.php\/wp-json\/wp\/v2\/comments?post=1638"}],"version-history":[{"count":12,"href":"https:\/\/www.fundacionamalio.com\/index.php\/wp-json\/wp\/v2\/pages\/1638\/revisions"}],"predecessor-version":[{"id":1860,"href":"https:\/\/www.fundacionamalio.com\/index.php\/wp-json\/wp\/v2\/pages\/1638\/revisions\/1860"}],"wp:featuredmedia":[{"embeddable":true,"href":"https:\/\/www.fundacionamalio.com\/index.php\/wp-json\/wp\/v2\/media\/1288"}],"wp:attachment":[{"href":"https:\/\/www.fundacionamalio.com\/index.php\/wp-json\/wp\/v2\/media?parent=1638"}],"curies":[{"name":"wp","href":"https:\/\/api.w.org\/{rel}","templated":true}]}}