{"id":1284,"date":"2018-12-10T09:56:16","date_gmt":"2018-12-10T08:56:16","guid":{"rendered":"https:\/\/www.fundacionamalio.com\/?page_id=1284"},"modified":"2021-04-15T10:48:06","modified_gmt":"2021-04-15T08:48:06","slug":"los-paisajes-de-amalio","status":"publish","type":"page","link":"https:\/\/www.fundacionamalio.com\/index.php\/los-paisajes-de-amalio\/","title":{"rendered":"Los Paisajes de Amalio"},"content":{"rendered":"<p>[vc_row sy_vc_row_extra_padding=\u00bb2&#8243; css=\u00bb.vc_custom_1544443123033{margin-top: 50px !important;}\u00bb][vc_column][tw_section_title title=\u00bbLos Paisajes de Amalio\u00bb st_tit_font_size=\u00bb60&#8243;][vc_column_text]<\/p>\n<p style=\"text-align: justify;\">Otra de las facetas en que destac\u00f3 Amalio fue la de sus paisajes, en donde la luz, al igual que en sus retratos, adquiere una gran importancia.<\/p>\n<p style=\"text-align: justify;\">Amalio ten\u00eda una visi\u00f3n humanizada del paisaje y nos dec\u00eda:<\/p>\n<p style=\"text-align: justify;\"><em>\u201cLa simbiosis entre la tierra y el hombre que la habita, la Naturaleza sin hombres, es decir, sin historia, quedar\u00eda reducida, en el mejor de los casos, y desde mi punto de vista, a la simple contemplaci\u00f3n est\u00e9tica\u201d<\/em><\/p>\n<p style=\"text-align: justify;\">Detr\u00e1s de las figuras de Amalio hay siempre un paisaje de casas encaladas de pueblos andaluces o de ciudades como Granada y Sevilla para equilibrar y componer el cuadro, al igual que los grandes pintores renacentistas.<\/p>\n<p>[\/vc_column_text][vc_column_text]<\/p>\n<p><!-- default-view.php -->\n<div\n\tclass=\"ngg-galleryoverview default-view \"\n\tid=\"ngg-gallery-b110cbec4bf36434ec694cb456a8f02b-1\">\n\n\t\t<!-- Thumbnails -->\n\t\t\t\t<div id=\"ngg-image-0\" class=\"ngg-gallery-thumbnail-box \" >\n\t\t\t\t        <div class=\"ngg-gallery-thumbnail\">\n            <a href=\"https:\/\/www.fundacionamalio.com\/wp-content\/gallery\/los-paisajes-de-amalio-2\/AMALIO-Cuevas-de-la-sombra-Setenil-de-las-bodegas.Cadiz-Oleo-sobre-tablex-54-x-65-cm-1.jpg\"\n               title=\"\"\n               data-src=\"https:\/\/www.fundacionamalio.com\/wp-content\/gallery\/los-paisajes-de-amalio-2\/AMALIO-Cuevas-de-la-sombra-Setenil-de-las-bodegas.Cadiz-Oleo-sobre-tablex-54-x-65-cm-1.jpg\"\n               data-thumbnail=\"https:\/\/www.fundacionamalio.com\/wp-content\/gallery\/los-paisajes-de-amalio-2\/thumbs\/thumbs_AMALIO-Cuevas-de-la-sombra-Setenil-de-las-bodegas.Cadiz-Oleo-sobre-tablex-54-x-65-cm-1.jpg\"\n               data-image-id=\"147\"\n               data-title=\"AMALIO-Cuevas-de-la-sombra-Setenil-de-las-bodegas.Cadiz-Oleo-sobre-tablex-54-x-65-cm-1\"\n               data-description=\"\"\n               data-image-slug=\"amalio-cuevas-de-la-sombra-setenil-de-las-bodegas-cadiz-oleo-sobre-tablex-54-x-65-cm-1\"\n               class=\"ngg-simplelightbox\" rel=\"b110cbec4bf36434ec694cb456a8f02b\">\n                <img\n                    title=\"AMALIO-Cuevas-de-la-sombra-Setenil-de-las-bodegas.Cadiz-Oleo-sobre-tablex-54-x-65-cm-1\"\n                    alt=\"AMALIO-Cuevas-de-la-sombra-Setenil-de-las-bodegas.Cadiz-Oleo-sobre-tablex-54-x-65-cm-1\"\n                    src=\"https:\/\/www.fundacionamalio.com\/wp-content\/gallery\/los-paisajes-de-amalio-2\/cache\/AMALIO-Cuevas-de-la-sombra-Setenil-de-las-bodegas.Cadiz-Oleo-sobre-tablex-54-x-65-cm-1.jpg-nggid03147-ngg0dyn-320x320x100-00f0w010c011r110f110r010t010.jpg\"\n                    width=\"320\"\n                    height=\"320\"\n                    style=\"max-width:100%;\"\n                \/>\n            <\/a>\n        <\/div>\n\t\t\t\t\t\t\t<\/div> \n\t\t\t\n\t\t\t\t<div id=\"ngg-image-1\" class=\"ngg-gallery-thumbnail-box \" >\n\t\t\t\t        <div class=\"ngg-gallery-thumbnail\">\n            <a href=\"https:\/\/www.fundacionamalio.com\/wp-content\/gallery\/los-paisajes-de-amalio-2\/AMALIO-Guadix-Oleo-sobre-tablex-54-x-65-cm-1.jpg\"\n               title=\"\"\n               data-src=\"https:\/\/www.fundacionamalio.com\/wp-content\/gallery\/los-paisajes-de-amalio-2\/AMALIO-Guadix-Oleo-sobre-tablex-54-x-65-cm-1.jpg\"\n               data-thumbnail=\"https:\/\/www.fundacionamalio.com\/wp-content\/gallery\/los-paisajes-de-amalio-2\/thumbs\/thumbs_AMALIO-Guadix-Oleo-sobre-tablex-54-x-65-cm-1.jpg\"\n               data-image-id=\"148\"\n               data-title=\"AMALIO-Guadix-Oleo-sobre-tablex-54-x-65-cm-1\"\n               data-description=\"\"\n               data-image-slug=\"amalio-guadix-oleo-sobre-tablex-54-x-65-cm-1\"\n               class=\"ngg-simplelightbox\" rel=\"b110cbec4bf36434ec694cb456a8f02b\">\n                <img\n                    title=\"AMALIO-Guadix-Oleo-sobre-tablex-54-x-65-cm-1\"\n                    alt=\"AMALIO-Guadix-Oleo-sobre-tablex-54-x-65-cm-1\"\n                    src=\"https:\/\/www.fundacionamalio.com\/wp-content\/gallery\/los-paisajes-de-amalio-2\/cache\/AMALIO-Guadix-Oleo-sobre-tablex-54-x-65-cm-1.jpg-nggid03148-ngg0dyn-320x320x100-00f0w010c011r110f110r010t010.jpg\"\n                    width=\"320\"\n                    height=\"320\"\n                    style=\"max-width:100%;\"\n                \/>\n            <\/a>\n        <\/div>\n\t\t\t\t\t\t\t<\/div> \n\t\t\t\n\t\t\t\t<div id=\"ngg-image-2\" class=\"ngg-gallery-thumbnail-box \" >\n\t\t\t\t        <div class=\"ngg-gallery-thumbnail\">\n            <a href=\"https:\/\/www.fundacionamalio.com\/wp-content\/gallery\/los-paisajes-de-amalio-2\/AMALIO-Paisaje-penibetico-Oleo-sobre-tablex-100-x-200-cm-1.jpg\"\n               title=\"\"\n               data-src=\"https:\/\/www.fundacionamalio.com\/wp-content\/gallery\/los-paisajes-de-amalio-2\/AMALIO-Paisaje-penibetico-Oleo-sobre-tablex-100-x-200-cm-1.jpg\"\n               data-thumbnail=\"https:\/\/www.fundacionamalio.com\/wp-content\/gallery\/los-paisajes-de-amalio-2\/thumbs\/thumbs_AMALIO-Paisaje-penibetico-Oleo-sobre-tablex-100-x-200-cm-1.jpg\"\n               data-image-id=\"149\"\n               data-title=\"AMALIO-Paisaje-penibetico-Oleo-sobre-tablex-100-x-200-cm-1\"\n               data-description=\"\"\n               data-image-slug=\"amalio-paisaje-penibetico-oleo-sobre-tablex-100-x-200-cm-1\"\n               class=\"ngg-simplelightbox\" rel=\"b110cbec4bf36434ec694cb456a8f02b\">\n                <img\n                    title=\"AMALIO-Paisaje-penibetico-Oleo-sobre-tablex-100-x-200-cm-1\"\n                    alt=\"AMALIO-Paisaje-penibetico-Oleo-sobre-tablex-100-x-200-cm-1\"\n                    src=\"https:\/\/www.fundacionamalio.com\/wp-content\/gallery\/los-paisajes-de-amalio-2\/cache\/AMALIO-Paisaje-penibetico-Oleo-sobre-tablex-100-x-200-cm-1.jpg-nggid03149-ngg0dyn-320x320x100-00f0w010c011r110f110r010t010.jpg\"\n                    width=\"320\"\n                    height=\"320\"\n                    style=\"max-width:100%;\"\n                \/>\n            <\/a>\n        <\/div>\n\t\t\t\t\t\t\t<\/div> \n\t\t\t\n\t\t\t\t<div id=\"ngg-image-3\" class=\"ngg-gallery-thumbnail-box \" >\n\t\t\t\t        <div class=\"ngg-gallery-thumbnail\">\n            <a href=\"https:\/\/www.fundacionamalio.com\/wp-content\/gallery\/los-paisajes-de-amalio-2\/AMALIO-Paisaje-Oleo-sobre-tablex-54-x-65-cm-1.jpg\"\n               title=\"\"\n               data-src=\"https:\/\/www.fundacionamalio.com\/wp-content\/gallery\/los-paisajes-de-amalio-2\/AMALIO-Paisaje-Oleo-sobre-tablex-54-x-65-cm-1.jpg\"\n               data-thumbnail=\"https:\/\/www.fundacionamalio.com\/wp-content\/gallery\/los-paisajes-de-amalio-2\/thumbs\/thumbs_AMALIO-Paisaje-Oleo-sobre-tablex-54-x-65-cm-1.jpg\"\n               data-image-id=\"150\"\n               data-title=\"AMALIO-Paisaje-Oleo-sobre-tablex-54-x-65-cm-1\"\n               data-description=\"\"\n               data-image-slug=\"amalio-paisaje-oleo-sobre-tablex-54-x-65-cm-1\"\n               class=\"ngg-simplelightbox\" rel=\"b110cbec4bf36434ec694cb456a8f02b\">\n                <img\n                    title=\"AMALIO-Paisaje-Oleo-sobre-tablex-54-x-65-cm-1\"\n                    alt=\"AMALIO-Paisaje-Oleo-sobre-tablex-54-x-65-cm-1\"\n                    src=\"https:\/\/www.fundacionamalio.com\/wp-content\/gallery\/los-paisajes-de-amalio-2\/cache\/AMALIO-Paisaje-Oleo-sobre-tablex-54-x-65-cm-1.jpg-nggid03150-ngg0dyn-320x320x100-00f0w010c011r110f110r010t010.jpg\"\n                    width=\"320\"\n                    height=\"320\"\n                    style=\"max-width:100%;\"\n                \/>\n            <\/a>\n        <\/div>\n\t\t\t\t\t\t\t<\/div> \n\t\t\t\n\t\t\t\t<div id=\"ngg-image-4\" class=\"ngg-gallery-thumbnail-box \" >\n\t\t\t\t        <div class=\"ngg-gallery-thumbnail\">\n            <a href=\"https:\/\/www.fundacionamalio.com\/wp-content\/gallery\/los-paisajes-de-amalio-2\/AMALIO-Toledo-Oleo-sobre-tablex-100-x-75-cm-1.jpg\"\n               title=\"\"\n               data-src=\"https:\/\/www.fundacionamalio.com\/wp-content\/gallery\/los-paisajes-de-amalio-2\/AMALIO-Toledo-Oleo-sobre-tablex-100-x-75-cm-1.jpg\"\n               data-thumbnail=\"https:\/\/www.fundacionamalio.com\/wp-content\/gallery\/los-paisajes-de-amalio-2\/thumbs\/thumbs_AMALIO-Toledo-Oleo-sobre-tablex-100-x-75-cm-1.jpg\"\n               data-image-id=\"151\"\n               data-title=\"AMALIO-Toledo-Oleo-sobre-tablex-100-x-75-cm-1\"\n               data-description=\"\"\n               data-image-slug=\"amalio-toledo-oleo-sobre-tablex-100-x-75-cm-1\"\n               class=\"ngg-simplelightbox\" rel=\"b110cbec4bf36434ec694cb456a8f02b\">\n                <img\n                    title=\"AMALIO-Toledo-Oleo-sobre-tablex-100-x-75-cm-1\"\n                    alt=\"AMALIO-Toledo-Oleo-sobre-tablex-100-x-75-cm-1\"\n                    src=\"https:\/\/www.fundacionamalio.com\/wp-content\/gallery\/los-paisajes-de-amalio-2\/cache\/AMALIO-Toledo-Oleo-sobre-tablex-100-x-75-cm-1.jpg-nggid03151-ngg0dyn-320x320x100-00f0w010c011r110f110r010t010.jpg\"\n                    width=\"320\"\n                    height=\"320\"\n                    style=\"max-width:100%;\"\n                \/>\n            <\/a>\n        <\/div>\n\t\t\t\t\t\t\t<\/div> \n\t\t\t\n\t\t\t\t<div id=\"ngg-image-5\" class=\"ngg-gallery-thumbnail-box \" >\n\t\t\t\t        <div class=\"ngg-gallery-thumbnail\">\n            <a href=\"https:\/\/www.fundacionamalio.com\/wp-content\/gallery\/los-paisajes-de-amalio-2\/AMALIO-Pueblo-de-Laachar-Granada-Oleo-obre-tablex-54-x-65-cm-1.jpg\"\n               title=\"\"\n               data-src=\"https:\/\/www.fundacionamalio.com\/wp-content\/gallery\/los-paisajes-de-amalio-2\/AMALIO-Pueblo-de-Laachar-Granada-Oleo-obre-tablex-54-x-65-cm-1.jpg\"\n               data-thumbnail=\"https:\/\/www.fundacionamalio.com\/wp-content\/gallery\/los-paisajes-de-amalio-2\/thumbs\/thumbs_AMALIO-Pueblo-de-Laachar-Granada-Oleo-obre-tablex-54-x-65-cm-1.jpg\"\n               data-image-id=\"152\"\n               data-title=\"AMALIO-Pueblo-de-Laachar-Granada-Oleo-obre-tablex-54-x-65-cm-1\"\n               data-description=\"\"\n               data-image-slug=\"amalio-pueblo-de-laachar-granada-oleo-obre-tablex-54-x-65-cm-1\"\n               class=\"ngg-simplelightbox\" rel=\"b110cbec4bf36434ec694cb456a8f02b\">\n                <img\n                    title=\"AMALIO-Pueblo-de-Laachar-Granada-Oleo-obre-tablex-54-x-65-cm-1\"\n                    alt=\"AMALIO-Pueblo-de-Laachar-Granada-Oleo-obre-tablex-54-x-65-cm-1\"\n                    src=\"https:\/\/www.fundacionamalio.com\/wp-content\/gallery\/los-paisajes-de-amalio-2\/cache\/AMALIO-Pueblo-de-Laachar-Granada-Oleo-obre-tablex-54-x-65-cm-1.jpg-nggid03152-ngg0dyn-320x320x100-00f0w010c011r110f110r010t010.jpg\"\n                    width=\"320\"\n                    height=\"320\"\n                    style=\"max-width:100%;\"\n                \/>\n            <\/a>\n        <\/div>\n\t\t\t\t\t\t\t<\/div> \n\t\t\t\n\t\t\t\t<div id=\"ngg-image-6\" class=\"ngg-gallery-thumbnail-box \" >\n\t\t\t\t        <div class=\"ngg-gallery-thumbnail\">\n            <a href=\"https:\/\/www.fundacionamalio.com\/wp-content\/gallery\/los-paisajes-de-amalio-2\/HW4G4025-1.jpg\"\n               title=\"\"\n               data-src=\"https:\/\/www.fundacionamalio.com\/wp-content\/gallery\/los-paisajes-de-amalio-2\/HW4G4025-1.jpg\"\n               data-thumbnail=\"https:\/\/www.fundacionamalio.com\/wp-content\/gallery\/los-paisajes-de-amalio-2\/thumbs\/thumbs_HW4G4025-1.jpg\"\n               data-image-id=\"153\"\n               data-title=\"HW4G4025-1\"\n               data-description=\"\"\n               data-image-slug=\"hw4g4025-1\"\n               class=\"ngg-simplelightbox\" rel=\"b110cbec4bf36434ec694cb456a8f02b\">\n                <img\n                    title=\"HW4G4025-1\"\n                    alt=\"HW4G4025-1\"\n                    src=\"https:\/\/www.fundacionamalio.com\/wp-content\/gallery\/los-paisajes-de-amalio-2\/cache\/HW4G4025-1.jpg-nggid03153-ngg0dyn-320x320x100-00f0w010c011r110f110r010t010.jpg\"\n                    width=\"320\"\n                    height=\"320\"\n                    style=\"max-width:100%;\"\n                \/>\n            <\/a>\n        <\/div>\n\t\t\t\t\t\t\t<\/div> \n\t\t\t\n\t\t\t\t<div id=\"ngg-image-7\" class=\"ngg-gallery-thumbnail-box \" >\n\t\t\t\t        <div class=\"ngg-gallery-thumbnail\">\n            <a href=\"https:\/\/www.fundacionamalio.com\/wp-content\/gallery\/los-paisajes-de-amalio-2\/HW4G4128-1.jpg\"\n               title=\"\"\n               data-src=\"https:\/\/www.fundacionamalio.com\/wp-content\/gallery\/los-paisajes-de-amalio-2\/HW4G4128-1.jpg\"\n               data-thumbnail=\"https:\/\/www.fundacionamalio.com\/wp-content\/gallery\/los-paisajes-de-amalio-2\/thumbs\/thumbs_HW4G4128-1.jpg\"\n               data-image-id=\"154\"\n               data-title=\"HW4G4128-1\"\n               data-description=\"\"\n               data-image-slug=\"hw4g4128-1\"\n               class=\"ngg-simplelightbox\" rel=\"b110cbec4bf36434ec694cb456a8f02b\">\n                <img\n                    title=\"HW4G4128-1\"\n                    alt=\"HW4G4128-1\"\n                    src=\"https:\/\/www.fundacionamalio.com\/wp-content\/gallery\/los-paisajes-de-amalio-2\/cache\/HW4G4128-1.jpg-nggid03154-ngg0dyn-320x320x100-00f0w010c011r110f110r010t010.jpg\"\n                    width=\"320\"\n                    height=\"320\"\n                    style=\"max-width:100%;\"\n                \/>\n            <\/a>\n        <\/div>\n\t\t\t\t\t\t\t<\/div> \n\t\t\t\n\t\t\t\t<div id=\"ngg-image-8\" class=\"ngg-gallery-thumbnail-box \" >\n\t\t\t\t        <div class=\"ngg-gallery-thumbnail\">\n            <a href=\"https:\/\/www.fundacionamalio.com\/wp-content\/gallery\/los-paisajes-de-amalio-2\/HW4G4155-1.jpg\"\n               title=\"\"\n               data-src=\"https:\/\/www.fundacionamalio.com\/wp-content\/gallery\/los-paisajes-de-amalio-2\/HW4G4155-1.jpg\"\n               data-thumbnail=\"https:\/\/www.fundacionamalio.com\/wp-content\/gallery\/los-paisajes-de-amalio-2\/thumbs\/thumbs_HW4G4155-1.jpg\"\n               data-image-id=\"155\"\n               data-title=\"HW4G4155-1\"\n               data-description=\"\"\n               data-image-slug=\"hw4g4155-1\"\n               class=\"ngg-simplelightbox\" rel=\"b110cbec4bf36434ec694cb456a8f02b\">\n                <img\n                    title=\"HW4G4155-1\"\n                    alt=\"HW4G4155-1\"\n                    src=\"https:\/\/www.fundacionamalio.com\/wp-content\/gallery\/los-paisajes-de-amalio-2\/cache\/HW4G4155-1.jpg-nggid03155-ngg0dyn-320x320x100-00f0w010c011r110f110r010t010.jpg\"\n                    width=\"320\"\n                    height=\"320\"\n                    style=\"max-width:100%;\"\n                \/>\n            <\/a>\n        <\/div>\n\t\t\t\t\t\t\t<\/div> \n\t\t\t\n\t\n\t<br style=\"clear: both\" \/>\n\n\t\n\t\t<!-- Pagination -->\n\t<div class='ngg-clear'><\/div>\t<\/div>\n[\/vc_column_text][\/vc_column][\/vc_row]<\/p>\n","protected":false},"excerpt":{"rendered":"<p>[vc_row sy_vc_row_extra_padding=\u00bb2&#8243; css=\u00bb.vc_custom_1544443123033{margin-top: 50px !important;}\u00bb][vc_column][tw_section_title title=\u00bbLos Paisajes de Amalio\u00bb st_tit_font_size=\u00bb60&#8243;][vc_column_text] Otra de las facetas en que destac\u00f3 Amalio fue la de sus paisajes, en donde la luz, al igual que en sus retratos, adquiere una gran importancia. Amalio ten\u00eda una visi\u00f3n humanizada del paisaje y nos dec\u00eda: \u201cLa simbiosis entre la tierra y el hombre [&hellip;]<\/p>\n","protected":false},"author":1,"featured_media":1302,"parent":0,"menu_order":0,"comment_status":"closed","ping_status":"closed","template":"page-templates\/full-width.php","meta":{"ngg_post_thumbnail":0},"_links":{"self":[{"href":"https:\/\/www.fundacionamalio.com\/index.php\/wp-json\/wp\/v2\/pages\/1284"}],"collection":[{"href":"https:\/\/www.fundacionamalio.com\/index.php\/wp-json\/wp\/v2\/pages"}],"about":[{"href":"https:\/\/www.fundacionamalio.com\/index.php\/wp-json\/wp\/v2\/types\/page"}],"author":[{"embeddable":true,"href":"https:\/\/www.fundacionamalio.com\/index.php\/wp-json\/wp\/v2\/users\/1"}],"replies":[{"embeddable":true,"href":"https:\/\/www.fundacionamalio.com\/index.php\/wp-json\/wp\/v2\/comments?post=1284"}],"version-history":[{"count":10,"href":"https:\/\/www.fundacionamalio.com\/index.php\/wp-json\/wp\/v2\/pages\/1284\/revisions"}],"predecessor-version":[{"id":2038,"href":"https:\/\/www.fundacionamalio.com\/index.php\/wp-json\/wp\/v2\/pages\/1284\/revisions\/2038"}],"wp:featuredmedia":[{"embeddable":true,"href":"https:\/\/www.fundacionamalio.com\/index.php\/wp-json\/wp\/v2\/media\/1302"}],"wp:attachment":[{"href":"https:\/\/www.fundacionamalio.com\/index.php\/wp-json\/wp\/v2\/media?parent=1284"}],"curies":[{"name":"wp","href":"https:\/\/api.w.org\/{rel}","templated":true}]}}