{"id":1095,"date":"2018-12-03T07:57:55","date_gmt":"2018-12-03T06:57:55","guid":{"rendered":"https:\/\/fundacionamalio.com\/?page_id=1095"},"modified":"2019-10-21T17:27:51","modified_gmt":"2019-10-21T15:27:51","slug":"inicio","status":"publish","type":"page","link":"https:\/\/www.fundacionamalio.com\/","title":{"rendered":"Inicio"},"content":{"rendered":"<p>[vc_row sy_vc_row_extra_padding=\u00bb1&#8243;][vc_column 0=\u00bb\u00bb][rev_slider_vc alias=\u00bbsliderinicio\u00bb][\/vc_column][\/vc_row][vc_row 0=\u00bb\u00bb][vc_column css=\u00bb.vc_custom_1543852738165{padding-top: 52px !important;padding-bottom: 83px !important;}\u00bb][tw_section_title sub_title=\u00bbACERCA DEL MUSEO FUNDACI\u00d3N\u00bb title=\u00bb\u00abAmalio le ha puesto esta casa a la<br \/>\nGiralda para hacerla suya.\u00ab\u00bb st_m_bottom=\u00bb45&#8243; st_tit_font_size=\u00bb50&#8243; st_tit_line_height=\u00bb60&#8243;][vc_column_text]<\/p>\n<p style=\"text-align: justify;\"><span style=\"color: #000000;\"><strong>El d\u00eda 3 de febrero de 1995&nbsp;(ocho d\u00edas antes de su muerte) el propio Amalio constitu\u00eda la fundaci\u00f3n<\/strong>, <strong>inscrita con el n\u00famero <\/strong>&nbsp;<strong>A34-SE19, <\/strong>y fijaba la sede en el <strong>n\u00famero siete de la plaza de Do\u00f1a Elvira de Sevilla<\/strong>, en pleno coraz\u00f3n del Barrio de Santa Cruz, que ven\u00eda siendo el estudio del pintor. <a href=\"https:\/\/www.youtube.com\/watch?v=05ydyitzh8I\" target=\"_blank\" rel=\"noopener\"><strong>Ver v\u00eddeo.<\/strong><\/a><\/span><\/p>\n<p style=\"text-align: justify;\"><span style=\"color: #000000;\">El objeto y finalidad de la Fundaci\u00f3n, es el fomento, difusi\u00f3n y cultivo del legado pict\u00f3rico y literario de Amalio, as\u00ed como del estudio del arte de la Pintura y las dem\u00e1s Artes.<\/span><\/p>\n<p style=\"text-align: justify;\"><span style=\"color: #000000;\">El museo acoge la mayor parte de la obra de Amalio, as\u00ed como la colecci\u00f3n que el mismo don\u00f3 y es el patrimonio de la fundaci\u00f3n&nbsp; <strong>\u201cLos 365 gestos de la Giralda\u201d.<\/strong><\/span><\/p>\n<p style=\"text-align: justify;\"><span style=\"color: #000000;\">El museo es una organizaci\u00f3n <strong>sin \u00e1nimo de lucro<\/strong>, por lo que siempre invitamos y agradecemos los <strong>donativos<\/strong> que nos ayudan a alcanzar nuestro objetivos.&nbsp;&nbsp;<\/span><\/p>\n<p>[\/vc_column_text][tw_synergy_btn sy_btn_icon_type=\u00bbarrowicon\u00bb sy_btn_align=\u00bbcenter\u00bb sy_btn_isicon=\u00bbtrue\u00bb sy_btn_text=\u00bbVer m\u00e1s\u00bb sy_btn_url=\u00bburl:https%3A%2F%2Fwww.fundacionamalio.com%2Findex.php%2Fmuseo-en-sevilla|||\u00bb icon_arrowicon=\u00bbarrowicon-arrows-1&#8243;][\/vc_column][\/vc_row][vc_row full_width=\u00bbstretch_row\u00bb sy_vc_row_extra_padding=\u00bb1&#8243;][vc_column css=\u00bb.vc_custom_1543852650947{padding-bottom: 40px !important;}\u00bb][vc_row_inner 0=\u00bb\u00bb][vc_column_inner width=\u00bb1\/2&#8243;][vc_separator color=\u00bbblack\u00bb border_width=\u00bb3&#8243;][tw_section_title sub_title=\u00bbVIS\u00cdTANOS\u00bb st_m_bottom=\u00bb45&#8243; st_tit_font_size=\u00bb50&#8243; st_tit_line_height=\u00bb60&#8243;][vc_column_text 0=\u00bb\u00bb]<\/p>\n<div class=\"contenedorcol\">\n<div class=\"columna\">\n<p><strong><span style=\"color: #000000;\">Horarios<\/span><\/strong><\/p>\n<p><em><span style=\"color: #000000;\">Cerrado por obras de mantenimiento<\/span><\/em><\/p>\n<p><strong><span style=\"color: #000000;\">Entrada gratuita<\/span><\/strong><\/p>\n<\/div>\n<div class=\"columna\">\n<p><span style=\"color: #000000; font-size: 11pt;\">Otras experiencias:<\/span><br \/>\n<span style=\"color: #000000; font-size: 11pt;\"><strong>Visita guiada para grupos:<\/strong> 3\u20ac por persona.<\/span><br \/>\n<span style=\"color: #000000; font-size: 11pt;\"><strong>Ruta Amaliana:<\/strong> 12\u20ac por persona.<\/span><br \/>\n<span style=\"color: #000000; font-size: 11pt;\"><strong>Experiencia Sensorial:<\/strong> 5\u20ac por persona.<\/span><\/p>\n<\/div>\n<div class=\"columna\">\n<p><strong><span style=\"color: #000000;\">Ubicaci\u00f3n<\/span><\/strong><\/p>\n<p><span style=\"color: #000000; font-size: 11pt;\">Plaza de Do\u00f1a Elvira, n\u00ba7, 41004. Sevilla. Espa\u00f1a<\/span><\/p>\n<\/div>\n<\/div>\n<p>[\/vc_column_text][vc_single_image image=\u00bb1133&#8243; img_size=\u00bbfull\u00bb][\/vc_column_inner][vc_column_inner width=\u00bb1\/2&#8243;][vc_separator color=\u00bbblack\u00bb border_width=\u00bb3&#8243;][tw_section_title sub_title=\u00bbSUSCR\u00cdBETE A NUESTRO BOLET\u00cdN DE NOTICIAS\u00bb st_m_bottom=\u00bb45&#8243; st_tit_font_size=\u00bb50&#8243; st_tit_line_height=\u00bb60&#8243;][tw_contact_form_7 0=\u00bb\u00bb tw_contact_form_shortcode=\u00bb6&#8243;][\/vc_column_inner][\/vc_row_inner][\/vc_column][vc_column 0=\u00bb\u00bb][\/vc_column][\/vc_row][vc_row full_width=\u00bbstretch_row_content\u00bb sy_vc_row_extra_padding=\u00bb1&#8243; css=\u00bb.vc_custom_1497097679332{padding-right: 90px !important;padding-bottom: 100px !important;padding-left: 90px !important;}\u00bb el_id=\u00bbscroll2&#8243;][vc_column 0=\u00bb\u00bb][tw_section_title sub_title=\u00bbCOLECCI\u00d3N PICT\u00d3RICA\u00bb st_m_bottom=\u00bb88&#8243;][vc_raw_html 0=\u00bb\u00bb]JTNDZGl2JTIwY2xhc3MlM0QlMjJyb3clMjIlM0UlMEElMjAlMjAlMjAlMjAlM0NkaXYlMjBjbGFzcyUzRCUyMmNvbC1sZy0zJTIwY29sLXNtLTYlMjBub1BhZGRpbmclMjIlM0UlMEElMjAlMjAlMjAlMjAlMjAlMjAlMjAlMjAlM0NkaXYlMjBjbGFzcyUzRCUyMnNpbmdsZWxXb3JrJTIyJTNFJTBBJTIwJTIwJTIwJTIwJTIwJTIwJTIwJTIwJTIwJTIwJTIwJTIwJTNDaW1nJTIwc3JjJTNEJTIyaHR0cHMlM0ElMkYlMkZ3d3cuZnVuZGFjaW9uYW1hbGlvLmNvbSUyRndwLWNvbnRlbnQlMkZ1cGxvYWRzJTJGMjAxOCUyRjEyJTJGSW5pY2lvUGFpc2FqZXMuanBnJTIyJTIwY2xhc3MlM0QlMjJhdHRhY2htZW50LXN5bmVyZ3lfZm9saW9fMDIlMjBzaXplLXN5bmVyZ3lfZm9saW9fMDIlMjB3cC1wb3N0LWltYWdlJTIyJTIwYWx0JTNEJTIyJTIyJTIwc3Jjc2V0JTNEJTIyaHR0cHMlM0ElMkYlMkZ3d3cuZnVuZGFjaW9uYW1hbGlvLmNvbSUyRndwLWNvbnRlbnQlMkZ1cGxvYWRzJTJGMjAxOCUyRjEyJTJGSW5pY2lvUGFpc2FqZXMuanBnJTIwNDM1dyUyQyUyMGh0dHBzJTNBJTJGJTJGd3d3LmZ1bmRhY2lvbmFtYWxpby5jb20lMkZ3cC1jb250ZW50JTJGdXBsb2FkcyUyRjIwMTglMkYxMiUyRkluaWNpb1BhaXNhamVzLTIyOXgzMDAuanBnJTIwMjI5dyUyMiUyMHNpemVzJTNEJTIyJTI4bWF4LXdpZHRoJTNBJTIwNDM1cHglMjklMjAxMDB2dyUyQyUyMDQzNXB4JTIyJTIwd2lkdGglM0QlMjI0MzUlMjIlMjBoZWlnaHQlM0QlMjI1NzAlMjIlM0UlMjAlMjAlMjAlMjAlMjAlMjAlMjAlMjAlMjAlMjAlMjAlMjAlMjAlMjAlMjAlMjAlMjAlMjAlMjAlMjAlMjAlMjAlMjAlMjAlMjAlMjAlMjAlMjAlMEElMEElMjAlMjAlMjAlMjAlMjAlMjAlMjAlMjAlMjAlMjAlMjAlMjAlM0NkaXYlMjBjbGFzcyUzRCUyMnNpbmdsZWxXb3JrRGVjJTIyJTNFJTBBJTIwJTIwJTIwJTIwJTIwJTIwJTIwJTIwJTIwJTIwJTIwJTIwJTIwJTIwJTIwJTIwJTNDaDMlMjBjbGFzcyUzRCUyMmx3b3JrVGl0bGxlJTIyJTNFJTNDYSUyMGhyZWYlM0QlMjJodHRwcyUzQSUyRiUyRnd3dy5mdW5kYWNpb25hbWFsaW8uY29tJTJGaW5kZXgucGhwJTJGbG9zLXBhaXNhamVzLWRlLWFtYWxpbyUyRiUyMiUzRVBhaXNhamVzJTNDJTJGYSUzRSUzQyUyRmgzJTNFJTBBJTIwJTIwJTIwJTIwJTIwJTIwJTIwJTIwJTIwJTIwJTIwJTIwJTIwJTIwJTIwJTIwJTNDZGl2JTIwY2xhc3MlM0QlMjJtZXRhbFclMjIlM0UlMEElMjAlMjAlMjAlMjAlMjAlMjAlMjAlMjAlMjAlMjAlMjAlMjAlMjAlMjAlMjAlMjAlMjAlMjAlMjAlM0NhJTIwaHJlZiUzRCUyMmh0dHBzJTNBJTJGJTJGd3d3LmZ1bmRhY2lvbmFtYWxpby5jb20lMkZpbmRleC5waHAlMkZvYnJhcy1waWN0b3JpY2FzJTJGJTIyJTNFT2JyYXMlM0MlMkZhJTNFJTIwJTIwJTIwJTIwJTIwJTIwJTIwJTIwJTIwJTIwJTIwJTIwJTIwJTIwJTIwJTIwJTIwJTIwJTIwJTIwJTIwJTIwJTIwJTIwJTIwJTIwJTIwJTIwJTIwJTIwJTIwJTIwJTBBJTIwJTIwJTIwJTIwJTIwJTIwJTIwJTIwJTIwJTIwJTIwJTIwJTIwJTIwJTIwJTIwJTNDJTJGZGl2JTNFJTBBJTIwJTIwJTIwJTIwJTIwJTIwJTIwJTIwJTIwJTIwJTIwJTIwJTNDJTJGZGl2JTNFJTIwJTIwJTIwJTIwJTIwJTIwJTIwJTIwJTIwJTIwJTIwJTIwJTIwJTIwJTIwJTIwJTBBJTIwJTIwJTIwJTIwJTIwJTIwJTIwJTIwJTNDJTJGZGl2JTNFJTBBJTIwJTIwJTIwJTIwJTNDJTJGZGl2JTNFJTBBJTIwJTIwJTIwJTIwJTBBJTIwJTIwJTIwJTIwJTNDZGl2JTIwY2xhc3MlM0QlMjJjb2wtbGctMyUyMGNvbC1zbS02JTIwbm9QYWRkaW5nJTIyJTNFJTBBJTIwJTIwJTIwJTIwJTIwJTIwJTIwJTIwJTNDZGl2JTIwY2xhc3MlM0QlMjJzaW5nbGVsV29yayUyMiUzRSUwQSUyMCUyMCUyMCUyMCUyMCUyMCUyMCUyMCUyMCUyMCUyMCUyMCUzQ2ltZyUyMHNyYyUzRCUyMmh0dHBzJTNBJTJGJTJGd3d3LmZ1bmRhY2lvbmFtYWxpby5jb20lMkZ3cC1jb250ZW50JTJGdXBsb2FkcyUyRjIwMTglMkYxMiUyRkluaWNpb0dpcmFsZGEuanBnJTIyJTIwY2xhc3MlM0QlMjJhdHRhY2htZW50LXN5bmVyZ3lfZm9saW9fMDIlMjBzaXplLXN5bmVyZ3lfZm9saW9fMDIlMjB3cC1wb3N0LWltYWdlJTIyJTIwYWx0JTNEJTIyJTIyJTIwc3Jjc2V0JTNEJTIyaHR0cHMlM0ElMkYlMkZ3d3cuZnVuZGFjaW9uYW1hbGlvLmNvbSUyRndwLWNvbnRlbnQlMkZ1cGxvYWRzJTJGMjAxOCUyRjEyJTJGSW5pY2lvR2lyYWxkYS5qcGclMjA0MzV3JTJDJTIwaHR0cHMlM0ElMkYlMkZ3d3cuZnVuZGFjaW9uYW1hbGlvLmNvbSUyRndwLWNvbnRlbnQlMkZ1cGxvYWRzJTJGMjAxOCUyRjEyJTJGSW5pY2lvR2lyYWxkYS0yMjl4MzAwLmpwZyUyMDIyOXclMjIlMjBzaXplcyUzRCUyMiUyOG1heC13aWR0aCUzQSUyMDQzNXB4JTI5JTIwMTAwdnclMkMlMjA0MzVweCUyMiUyMHdpZHRoJTNEJTIyNDM1JTIyJTIwaGVpZ2h0JTNEJTIyNTcwJTIyJTNFJTIwJTIwJTIwJTIwJTIwJTIwJTIwJTIwJTIwJTIwJTIwJTIwJTIwJTIwJTIwJTIwJTIwJTIwJTIwJTIwJTIwJTIwJTIwJTIwJTIwJTIwJTIwJTIwJTBBJTBBJTIwJTIwJTIwJTIwJTIwJTIwJTIwJTIwJTIwJTIwJTIwJTIwJTNDZGl2JTIwY2xhc3MlM0QlMjJzaW5nbGVsV29ya0RlYyUyMiUzRSUwQSUyMCUyMCUyMCUyMCUyMCUyMCUyMCUyMCUyMCUyMCUyMCUyMCUyMCUyMCUyMCUyMCUzQ2gyJTIwY2xhc3MlM0QlMjJsd29ya1RpdGxsZSUyMiUzRSUzQ2ElMjBocmVmJTNEJTIyaHR0cHMlM0ElMkYlMkZ3d3cuZnVuZGFjaW9uYW1hbGlvLmNvbSUyRmluZGV4LnBocCUyRmxhLWdpcmFsZGElMkYlMjIlM0VDb2xlY2NpJUMzJUIzbiUyMDM2NSUyMGdlc3RvcyUyMGRlJTIwbGElMjBHaXJhbGRhJTNDJTJGYSUzRSUzQyUyRmgyJTNFJTBBJTIwJTIwJTIwJTIwJTIwJTIwJTIwJTIwJTIwJTIwJTIwJTIwJTIwJTIwJTIwJTIwJTNDZGl2JTIwY2xhc3MlM0QlMjJtZXRhbFclMjIlM0UlMEElMjAlMjAlMjAlMjAlMjAlMjAlMjAlMjAlMjAlMjAlMjAlMjAlMjAlMjAlMjAlMjAlMjAlMjAlMjAlMjAlM0NhJTIwaHJlZiUzRCUyMmh0dHBzJTNBJTJGJTJGd3d3LmZ1bmRhY2lvbmFtYWxpby5jb20lMkZpbmRleC5waHAlMkZvYnJhcy1waWN0b3JpY2FzJTJGJTIyJTNFT2JyYXMlM0MlMkZhJTNFJTIwJTIwJTIwJTIwJTIwJTIwJTIwJTIwJTIwJTIwJTIwJTIwJTIwJTIwJTIwJTIwJTIwJTIwJTIwJTIwJTIwJTIwJTIwJTIwJTIwJTIwJTIwJTIwJTIwJTIwJTIwJTIwJTBBJTIwJTIwJTIwJTIwJTIwJTIwJTIwJTIwJTIwJTIwJTIwJTIwJTIwJTIwJTIwJTIwJTNDJTJGZGl2JTNFJTBBJTIwJTIwJTIwJTIwJTIwJTIwJTIwJTIwJTIwJTIwJTIwJTIwJTNDJTJGZGl2JTNFJTBBJTIwJTIwJTIwJTIwJTIwJTIwJTIwJTIwJTNDJTJGZGl2JTNFJTBBJTIwJTIwJTIwJTIwJTNDJTJGZGl2JTNFJTBBJTBBJTIwJTIwJTIwJTIwJTNDZGl2JTIwY2xhc3MlM0QlMjJjbGVhcmZpeCUyMGhpZGRlbi1sZyUyMGhpZGRlbi1zbSUyMiUzRSUzQyUyRmRpdiUzRSUyMCUyMCUyMCUyMCUyMCUyMCUyMCUyMCUyMCUyMCUyMCUyMCUyMCUyMCUyMCUyMCUyMCUyMCUyMCUyMCUyMCUyMCUyMCUyMCUyMCUyMCUyMCUyMCUyMCUyMCUyMCUyMCUyMCUyMCUyMCUyMCUyMCUyMCUyMCUyMCUwQSUwQSUyMCUyMCUyMCUyMCUzQ2RpdiUyMGNsYXNzJTNEJTIyY29sLWxnLTMlMjBjb2wtc20tNiUyMG5vUGFkZGluZyUyMiUzRSUwQSUyMCUyMCUyMCUyMCUyMCUyMCUyMCUyMCUzQ2RpdiUyMGNsYXNzJTNEJTIyc2luZ2xlbFdvcmslMjIlM0UlMEElMjAlMjAlMjAlMjAlMjAlMjAlMjAlMjAlMjAlMjAlMjAlMjAlM0NpbWclMjBzcmMlM0QlMjJodHRwcyUzQSUyRiUyRnd3dy5mdW5kYWNpb25hbWFsaW8uY29tJTJGd3AtY29udGVudCUyRnVwbG9hZHMlMkYyMDE4JTJGMTIlMkZJbmljaW9HaXRhbm9zLmpwZyUyMiUyMGNsYXNzJTNEJTIyYXR0YWNobWVudC1zeW5lcmd5X2ZvbGlvXzAyJTIwc2l6ZS1zeW5lcmd5X2ZvbGlvXzAyJTIwd3AtcG9zdC1pbWFnZSUyMiUyMGFsdCUzRCUyMiUyMiUyMHNyY3NldCUzRCUyMmh0dHBzJTNBJTJGJTJGd3d3LmZ1bmRhY2lvbmFtYWxpby5jb20lMkZ3cC1jb250ZW50JTJGdXBsb2FkcyUyRjIwMTglMkYxMiUyRkluaWNpb0dpdGFub3MuanBnJTIwNDM1dyUyQyUyMGh0dHBzJTNBJTJGJTJGd3d3LmZ1bmRhY2lvbmFtYWxpby5jb20lMkZ3cC1jb250ZW50JTJGdXBsb2FkcyUyRjIwMTglMkYxMiUyRkluaWNpb0dpdGFub3MtMjI5eDMwMC5qcGclMjAyMjl3JTIyJTIwc2l6ZXMlM0QlMjIlMjhtYXgtd2lkdGglM0ElMjA0MzVweCUyOSUyMDEwMHZ3JTJDJTIwNDM1cHglMjIlMjB3aWR0aCUzRCUyMjQzNSUyMiUyMGhlaWdodCUzRCUyMjU3MCUyMiUzRSUyMCUyMCUyMCUyMCUyMCUyMCUyMCUyMCUyMCUyMCUyMCUyMCUyMCUyMCUyMCUyMCUyMCUyMCUyMCUyMCUyMCUyMCUyMCUyMCUyMCUyMCUyMCUyMCUwQSUwQSUyMCUyMCUyMCUyMCUyMCUyMCUyMCUyMCUyMCUyMCUyMCUyMCUzQ2RpdiUyMGNsYXNzJTNEJTIyc2luZ2xlbFdvcmtEZWMlMjIlM0UlMEElMjAlMjAlMjAlMjAlMjAlMjAlMjAlMjAlMjAlMjAlMjAlMjAlMEElMjAlMjAlMjAlMjAlMjAlMjAlMjAlMjAlMjAlMjAlMjAlMjAlMjAlMjAlMjAlMjAlM0NoMyUyMGNsYXNzJTNEJTIybHdvcmtUaXRsbGUlMjIlM0UlM0NhJTIwaHJlZiUzRCUyMmh0dHBzJTNBJTJGJTJGd3d3LmZ1bmRhY2lvbmFtYWxpby5jb20lMkZpbmRleC5waHAlMkZlbC1tdW5kby1kZS1sb3MtZ2l0YW5vcy1iYWpvLWxhLXBlcnNwZWN0aXZhLWRlLWFtYWxpbyUyRiUyMiUzRUdpdGFub3MlMjAlMjYlMjBBcG9zdG9sYWRvJTIwUHJvbGV0YXJpbyUzQyUyRmElM0UlM0MlMkZoMyUzRSUwQSUyMCUyMCUyMCUyMCUyMCUyMCUyMCUyMCUyMCUyMCUyMCUyMCUyMCUyMCUyMCUyMCUzQ2RpdiUyMGNsYXNzJTNEJTIybWV0YWxXJTIyJTNFJTBBJTIwJTIwJTIwJTIwJTIwJTIwJTIwJTIwJTIwJTIwJTIwJTIwJTIwJTIwJTIwJTIwJTIwJTIwJTIwJTIwJTNDYSUyMGhyZWYlM0QlMjJodHRwcyUzQSUyRiUyRnd3dy5mdW5kYWNpb25hbWFsaW8uY29tJTJGaW5kZXgucGhwJTJGb2JyYXMtcGljdG9yaWNhcyUyRiUyMiUzRU9icmFzJTNDJTJGYSUzRSUyMCUyMCUyMCUyMCUyMCUyMCUyMCUyMCUyMCUyMCUyMCUyMCUyMCUyMCUyMCUyMCUyMCUyMCUyMCUyMCUyMCUyMCUyMCUyMCUyMCUyMCUyMCUyMCUyMCUyMCUyMCUyMCUwQSUyMCUyMCUyMCUyMCUyMCUyMCUyMCUyMCUyMCUyMCUyMCUyMCUyMCUyMCUyMCUyMCUzQyUyRmRpdiUzRSUwQSUyMCUyMCUyMCUyMCUyMCUyMCUyMCUyMCUyMCUyMCUyMCUyMCUzQyUyRmRpdiUzRSUyMCUyMCUyMCUyMCUwQSUyMCUyMCUyMCUyMCUyMCUyMCUyMCUyMCUzQyUyRmRpdiUzRSUwQSUyMCUyMCUyMCUyMCUzQyUyRmRpdiUzRSUwQSUyMCUyMCUyMCUyMCUyMCUyMCUyMCUyMCUyMCUyMCUyMCUyMCUyMCUyMCUyMCUyMCUyMCUyMCUyMCUyMCUyMCUyMCUyMCUyMCUyMCUyMCUyMCUyMCUyMCUyMCUyMCUyMCUyMCUyMCUyMCUyMCUyMCUyMCUyMCUyMCUyMCUyMCUyMCUyMCUyMCUyMCUyMCUyMCUyMCUyMCUyMCUyMCUyMCUyMCUyMCUyMCUyMCUyMCUyMCUyMCUwQSUyMCUyMCUyMCUyMCUzQ2RpdiUyMGNsYXNzJTNEJTIyY29sLWxnLTMlMjBjb2wtc20tNiUyMG5vUGFkZGluZyUyMiUzRSUwQSUyMCUyMCUyMCUyMCUyMCUyMCUyMCUyMCUzQ2RpdiUyMGNsYXNzJTNEJTIyc2luZ2xlbFdvcmslMjIlM0UlMEElMjAlMjAlMjAlMjAlMjAlMjAlMjAlMjAlMjAlMjAlMjAlMjAlM0NpbWclMjBzcmMlM0QlMjJodHRwcyUzQSUyRiUyRnd3dy5mdW5kYWNpb25hbWFsaW8uY29tJTJGd3AtY29udGVudCUyRnVwbG9hZHMlMkYyMDE4JTJGMTIlMkZJbmljaW9SZWFsaXNtb1NpbWJvbGljby5qcGclMjIlMjBjbGFzcyUzRCUyMmF0dGFjaG1lbnQtc3luZXJneV9mb2xpb18wMiUyMHNpemUtc3luZXJneV9mb2xpb18wMiUyMHdwLXBvc3QtaW1hZ2UlMjIlMjBhbHQlM0QlMjIlMjIlMjBzcmNzZXQlM0QlMjJodHRwcyUzQSUyRiUyRnd3dy5mdW5kYWNpb25hbWFsaW8uY29tJTJGd3AtY29udGVudCUyRnVwbG9hZHMlMkYyMDE4JTJGMTIlMkZJbmljaW9SZWFsaXNtb1NpbWJvbGljby5qcGclMjA0MzV3JTJDJTIwaHR0cHMlM0ElMkYlMkZ3d3cuZnVuZGFjaW9uYW1hbGlvLmNvbSUyRndwLWNvbnRlbnQlMkZ1cGxvYWRzJTJGMjAxOCUyRjEyJTJGSW5pY2lvUmVhbGlzbW9TaW1ib2xpY28tMjI5eDMwMC5qcGclMjAyMjl3JTIyJTIwc2l6ZXMlM0QlMjIlMjhtYXgtd2lkdGglM0ElMjA0MzVweCUyOSUyMDEwMHZ3JTJDJTIwNDM1cHglMjIlMjB3aWR0aCUzRCUyMjQzNSUyMiUyMGhlaWdodCUzRCUyMjU3MCUyMiUzRSUyMCUyMCUyMCUyMCUyMCUyMCUyMCUyMCUyMCUyMCUyMCUyMCUyMCUyMCUyMCUyMCUyMCUyMCUyMCUyMCUyMCUyMCUyMCUyMCUyMCUyMCUyMCUyMCUwQSUwQSUyMCUyMCUyMCUyMCUyMCUyMCUyMCUyMCUyMCUyMCUyMCUyMCUzQ2RpdiUyMGNsYXNzJTNEJTIyc2luZ2xlbFdvcmtEZWMlMjIlM0UlMEElMjAlMjAlMjAlMjAlMjAlMjAlMjAlMjAlMjAlMjAlMjAlMjAlMjAlMjAlMjAlMjAlM0NoMiUyMGNsYXNzJTNEJTIybHdvcmtUaXRsbGUlMjIlM0UlM0NhJTIwaHJlZiUzRCUyMmh0dHBzJTNBJTJGJTJGd3d3LmZ1bmRhY2lvbmFtYWxpby5jb20lMkZpbmRleC5waHAlMkZyZWFsaXNtby1zaW1ib2xpY28lMkYlMjIlM0VSZWFsaXNtbyUyMHNpbWIlQzMlQjNsaWNvJTNDJTJGYSUzRSUzQyUyRmgyJTNFJTBBJTIwJTIwJTIwJTIwJTIwJTIwJTIwJTIwJTIwJTIwJTIwJTIwJTIwJTIwJTIwJTIwJTNDZGl2JTIwY2xhc3MlM0QlMjJtZXRhbFclMjIlM0UlMEElMjAlMjAlMjAlMjAlMjAlMjAlMjAlMjAlMjAlMjAlMjAlMjAlMjAlMjAlMjAlMjAlMjAlMjAlMjAlMjAlM0NhJTIwaHJlZiUzRCUyMmh0dHBzJTNBJTJGJTJGd3d3LmZ1bmRhY2lvbmFtYWxpby5jb20lMkZpbmRleC5waHAlMkZvYnJhcy1waWN0b3JpY2FzJTJGJTIyJTNFT2JyYXMlM0MlMkZhJTNFJTIwJTIwJTIwJTIwJTIwJTIwJTIwJTIwJTIwJTIwJTIwJTIwJTIwJTIwJTIwJTIwJTIwJTIwJTIwJTIwJTIwJTIwJTIwJTIwJTIwJTIwJTIwJTIwJTIwJTIwJTIwJTIwJTBBJTIwJTIwJTIwJTIwJTIwJTIwJTIwJTIwJTIwJTIwJTIwJTIwJTIwJTIwJTIwJTIwJTNDJTJGZGl2JTNFJTBBJTIwJTIwJTIwJTIwJTIwJTIwJTIwJTIwJTIwJTIwJTIwJTIwJTNDJTJGZGl2JTNFJTBBJTIwJTIwJTIwJTIwJTIwJTIwJTIwJTIwJTNDJTJGZGl2JTNFJTBBJTIwJTIwJTIwJTIwJTNDJTJGZGl2JTNFJTBBJTBBJTIwJTIwJTIwJTIwJTNDZGl2JTIwY2xhc3MlM0QlMjJjbGVhcmZpeCUyMGhpZGRlbi1sZyUyMGhpZGRlbi1zbSUyMiUzRSUzQyUyRmRpdiUzRSUyMCUyMCUyMCUyMCUyMCUyMCUyMCUyMCUyMCUyMCUyMCUyMCUyMCUyMCUyMCUyMCUyMCUyMCUyMCUyMCUyMCUyMCUyMCUyMCUyMCUyMCUyMCUyMCUyMCUyMCUyMCUyMCUyMCUyMCUyMCUyMCUyMCUyMCUyMCUyMCUwQSUwQSUyMCUyMCUyMCUyMCUzQ2RpdiUyMGNsYXNzJTNEJTIyY29sLWxnLTMlMjBjb2wtc20tNiUyMG5vUGFkZGluZyUyMiUzRSUwQSUyMCUyMCUyMCUyMCUyMCUyMCUyMCUyMCUzQ2RpdiUyMGNsYXNzJTNEJTIyc2luZ2xlbFdvcmslMjIlM0UlMEElMjAlMjAlMjAlMjAlMjAlMjAlMjAlMjAlMjAlMjAlMjAlMjAlM0NpbWclMjBzcmMlM0QlMjJodHRwcyUzQSUyRiUyRnd3dy5mdW5kYWNpb25hbWFsaW8uY29tJTJGd3AtY29udGVudCUyRnVwbG9hZHMlMkYyMDE4JTJGMTIlMkZJbmljaW9FeHByZXNpb25pc21vLmpwZyUyMiUyMGNsYXNzJTNEJTIyYXR0YWNobWVudC1zeW5lcmd5X2ZvbGlvXzAyJTIwc2l6ZS1zeW5lcmd5X2ZvbGlvXzAyJTIwd3AtcG9zdC1pbWFnZSUyMiUyMGFsdCUzRCUyMiUyMiUyMHNyY3NldCUzRCUyMmh0dHBzJTNBJTJGJTJGd3d3LmZ1bmRhY2lvbmFtYWxpby5jb20lMkZ3cC1jb250ZW50JTJGdXBsb2FkcyUyRjIwMTglMkYxMiUyRkluaWNpb0V4cHJlc2lvbmlzbW8uanBnJTIwNDM1dyUyQyUyMGh0dHBzJTNBJTJGJTJGd3d3LmZ1bmRhY2lvbmFtYWxpby5jb20lMkZ3cC1jb250ZW50JTJGdXBsb2FkcyUyRjIwMTglMkYxMiUyRkluaWNpb0V4cHJlc2lvbmlzbW8tMjI5eDMwMC5qcGclMjAyMjl3JTIyJTIwc2l6ZXMlM0QlMjIlMjhtYXgtd2lkdGglM0ElMjA0MzVweCUyOSUyMDEwMHZ3JTJDJTIwNDM1cHglMjIlMjB3aWR0aCUzRCUyMjQzNSUyMiUyMGhlaWdodCUzRCUyMjU3MCUyMiUzRSUyMCUyMCUyMCUyMCUyMCUyMCUyMCUyMCUyMCUyMCUyMCUyMCUyMCUyMCUyMCUyMCUyMCUyMCUyMCUyMCUyMCUyMCUyMCUyMCUyMCUyMCUyMCUyMCUwQSUwQSUyMCUyMCUyMCUyMCUyMCUyMCUyMCUyMCUyMCUyMCUyMCUyMCUzQ2RpdiUyMGNsYXNzJTNEJTIyc2luZ2xlbFdvcmtEZWMlMjIlM0UlMEElMjAlMjAlMjAlMjAlMjAlMjAlMjAlMjAlMjAlMjAlMjAlMjAlMEElMjAlMjAlMjAlMjAlMjAlMjAlMjAlMjAlMjAlMjAlMjAlMjAlMjAlMjAlMjAlMjAlM0NoMiUyMGNsYXNzJTNEJTIybHdvcmtUaXRsbGUlMjIlM0UlM0NhJTIwaHJlZiUzRCUyMmh0dHBzJTNBJTJGJTJGd3d3LmZ1bmRhY2lvbmFtYWxpby5jb20lMkZpbmRleC5waHAlMkZlbC1leHByZXNpb25pc21vLW1hdGVyaWNvLWRlLWFtYWxpbyUyRiUyMiUzRUV4cHJlc2lvbmlzbW8lMjBtYXQlQzMlQTlyaWNvJTNDJTJGYSUzRSUzQyUyRmgyJTNFJTBBJTIwJTIwJTIwJTIwJTIwJTIwJTIwJTIwJTIwJTIwJTIwJTIwJTIwJTIwJTIwJTIwJTNDZGl2JTIwY2xhc3MlM0QlMjJtZXRhbFclMjIlM0UlMEElMjAlMjAlMjAlMjAlMjAlMjAlMjAlMjAlMjAlMjAlMjAlMjAlMjAlMjAlMjAlMjAlMjAlMjAlMjAlMjAlM0NhJTIwaHJlZiUzRCUyMmh0dHBzJTNBJTJGJTJGd3d3LmZ1bmRhY2lvbmFtYWxpby5jb20lMkZpbmRleC5waHAlMkZvYnJhcy1waWN0b3JpY2FzJTJGJTIyJTNFT2JyYXMlM0MlMkZhJTNFJTIwJTIwJTIwJTIwJTIwJTIwJTIwJTIwJTIwJTIwJTIwJTIwJTIwJTIwJTIwJTIwJTIwJTIwJTIwJTIwJTIwJTIwJTIwJTIwJTIwJTIwJTIwJTIwJTIwJTIwJTIwJTIwJTBBJTIwJTIwJTIwJTIwJTIwJTIwJTIwJTIwJTIwJTIwJTIwJTIwJTIwJTIwJTIwJTIwJTNDJTJGZGl2JTNFJTBBJTIwJTIwJTIwJTIwJTIwJTIwJTIwJTIwJTIwJTIwJTIwJTIwJTNDJTJGZGl2JTNFJTIwJTIwJTIwJTIwJTBBJTIwJTIwJTIwJTIwJTIwJTIwJTIwJTIwJTNDJTJGZGl2JTNFJTBBJTIwJTIwJTIwJTIwJTNDJTJGZGl2JTNFJTBBJTIwJTIwJTIwJTIwJTBBJTIwJTIwJTIwJTIwJTNDZGl2JTIwY2xhc3MlM0QlMjJjbGVhcmZpeCUyMGhpZGRlbi1sZyUyMGhpZGRlbi1zbSUyMiUzRSUzQyUyRmRpdiUzRSUyMCUyMCUyMCUyMCUyMCUyMCUyMCUyMCUyMCUyMCUyMCUyMCUyMCUyMCUyMCUyMCUyMCUyMCUyMCUyMCUyMCUyMCUyMCUyMCUyMCUyMCUyMCUyMCUwQSUyMCUyMCUyMCUyMCUzQ2RpdiUyMGNsYXNzJTNEJTIyY2xlYXJmaXglMjIlM0UlM0MlMkZkaXYlM0UlMEElMjAlMjAlMjAlMjAlM0MlMkZkaXYlM0UlMEElMEElMEElM0NzY3JpcHQlMjB0eXBlJTNEJTIydGV4dCUyRmphdmFzY3JpcHQlMjIlMjBzcmMlM0QlMjIlMkYlMkZkb3dubG9hZHMubWFpbGNoaW1wLmNvbSUyRmpzJTJGc2lnbnVwLWZvcm1zJTJGcG9wdXAlMkZ1bmlxdWUtbWV0aG9kcyUyRmVtYmVkLmpzJTIyJTIwZGF0YS1kb2pvLWNvbmZpZyUzRCUyMnVzZVBsYWluSnNvbiUzQSUyMHRydWUlMkMlMjBpc0RlYnVnJTNBJTIwZmFsc2UlMjIlM0UlM0MlMkZzY3JpcHQlM0UlM0NzY3JpcHQlMjB0eXBlJTNEJTIydGV4dCUyRmphdmFzY3JpcHQlMjIlM0V3aW5kb3cuZG9qb1JlcXVpcmUlMjglNUIlMjJtb2pvJTJGc2lnbnVwLWZvcm1zJTJGTG9hZGVyJTIyJTVEJTJDJTIwZnVuY3Rpb24lMjhMJTI5JTIwJTdCJTIwTC5zdGFydCUyOCU3QiUyMmJhc2VVcmwlMjIlM0ElMjJtYy51czEubGlzdC1tYW5hZ2UuY29tJTIyJTJDJTIydXVpZCUyMiUzQSUyMjUyOGQzZjQ1NmY3NGYzODFhNGJhZjdiYmElMjIlMkMlMjJsaWQlMjIlM0ElMjJiZjU1MDdlZDE3JTIyJTJDJTIydW5pcXVlTWV0aG9kcyUyMiUzQXRydWUlN0QlMjklMjAlN0QlMjklM0MlMkZzY3JpcHQlM0U=[\/vc_raw_html][tw_synergy_btn sy_btn_icon_type=\u00bbarrowicon\u00bb sy_btn_align=\u00bbcenter\u00bb sy_btn_isicon=\u00bbtrue\u00bb sy_btn_text=\u00bbVer m\u00e1s\u00bb sy_btn_url=\u00bburl:https%3A%2F%2Fwww.fundacionamalio.com%2Findex.php%2Fobras-pictoricas%2F|||\u00bb icon_arrowicon=\u00bbarrowicon-arrows-1&#8243;][\/vc_column][\/vc_row][vc_row full_width=\u00bbstretch_row\u00bb sy_vc_row_extra_padding=\u00bb1&#8243; css=\u00bb.vc_custom_1544171120429{padding-top: 20px !important;}\u00bb][vc_column 0=\u00bb\u00bb][tw_section_title sub_title=\u00bbACTIVIDADES &amp; EVENTOS\u00bb st_sb_color=\u00bb#000000&#8243; st_m_bottom=\u00bb95&#8243;][\/vc_column][\/vc_row][vc_row full_width=\u00bbstretch_row\u00bb sy_vc_row_extra_padding=\u00bb1&#8243; css=\u00bb.vc_custom_1544171132178{padding-bottom: 30px !important;}\u00bb][vc_column 0=\u00bb\u00bb width=\u00bb1\/3&#8243;][vc_single_image image=\u00bb1175&#8243; img_size=\u00bbfull\u00bb][tw_section_title sub_title=\u00bbEVENTOS\u00bb][vc_column_text]<\/p>\n<p style=\"text-align: center;\">Ponemos a disposici\u00f3n de empresas e instituciones, espacios exclusivos en los que celebrar eventos culturales y corporativos.<\/p>\n<p>[\/vc_column_text][\/vc_column][vc_column width=\u00bb1\/3&#8243;][vc_single_image image=\u00bb1469&#8243; img_size=\u00bbfull\u00bb][tw_section_title sub_title=\u00bbACTIVIDADES\u00bb][vc_column_text]<\/p>\n<p style=\"text-align: center;\">Conciertos de m\u00fasica, eventos literarios, actividades enfocadas a las artes. Descubre nuestra programaci\u00f3n y pr\u00f3ximos eventos.<\/p>\n<p>[\/vc_column_text][\/vc_column][vc_column width=\u00bb1\/3&#8243;][vc_single_image image=\u00bb1291&#8243; img_size=\u00bbfull\u00bb][tw_section_title sub_title=\u00bbDONACIONES\u00bb][vc_column_text]<\/p>\n<p style=\"text-align: center;\">Somos una fundaci\u00f3n sin \u00e1nimos de lucro, por lo que invitamos y agradecemos sus donaciones.<\/p>\n<p>[\/vc_column_text][\/vc_column][\/vc_row][vc_row sy_vc_row_extra_padding=\u00bb2&#8243; css=\u00bb.vc_custom_1544170348765{padding-top: 30px !important;padding-bottom: 110px !important;}\u00bb][vc_column 0=\u00bb\u00bb][tw_section_title sub_title=\u00bbNoticias\u00bb t_m_bottom=\u00bb95&#8243; st_m_bottom=\u00bb95&#8243;][tw_latest_blog tw_blog_numberof_item=\u00bb5&#8243;][\/vc_column][\/vc_row][vc_row sy_vc_row_extra_padding=\u00bb2&#8243; css=\u00bb.vc_custom_1544170348765{padding-top: 30px !important;padding-bottom: 110px !important;}\u00bb][vc_column 0=\u00bb\u00bb][tw_section_title sub_title=\u00bbCONVENIOS Y PROYECTOS \u00bb t_m_bottom=\u00bb95&#8243; st_m_bottom=\u00bb95&#8243;][vc_column_text]<\/p>\n<p style=\"text-align: justify;\">La fundaci\u00f3n tiene suscritos convenios con distintas instituciones nacionales e internacionales, as\u00ed como con universidades tales como la Universidad de Sevilla, la Pablo de Olavide, a trav\u00e9s de los cuales los alumnos de grado y m\u00e1ster realizan sus pr\u00e1cticas. Entre los proyectos cabe destacar el t\u00edtulado \u00abEmbellecimiento de las fachadas de Piornal (C\u00e1ceres)\u00bb, firmado con la Universidad de Sevilla, la Junta de Extremadura, y el Ayuntamiento de Piornal.<\/p>\n<p><center><img loading=\"lazy\" class=\"alignnone wp-image-1470\" src=\"https:\/\/www.fundacionamalio.com\/wp-content\/uploads\/2018\/12\/ConveniosLogos.png\" alt=\"\" width=\"100%\" height=\"auto\" srcset=\"https:\/\/www.fundacionamalio.com\/wp-content\/uploads\/2018\/12\/ConveniosLogos.png 1200w, https:\/\/www.fundacionamalio.com\/wp-content\/uploads\/2018\/12\/ConveniosLogos-300x85.png 300w, https:\/\/www.fundacionamalio.com\/wp-content\/uploads\/2018\/12\/ConveniosLogos-768x216.png 768w, https:\/\/www.fundacionamalio.com\/wp-content\/uploads\/2018\/12\/ConveniosLogos-1024x288.png 1024w\" sizes=\"(max-width: 1200px) 100vw, 1200px\" \/><\/center>[\/vc_column_text][\/vc_column][\/vc_row]<\/p>\n","protected":false},"excerpt":{"rendered":"<p>[vc_row sy_vc_row_extra_padding=\u00bb1&#8243;][vc_column 0=\u00bb\u00bb][rev_slider_vc alias=\u00bbsliderinicio\u00bb][\/vc_column][\/vc_row][vc_row 0=\u00bb\u00bb][vc_column css=\u00bb.vc_custom_1543852738165{padding-top: 52px !important;padding-bottom: 83px !important;}\u00bb][tw_section_title sub_title=\u00bbACERCA DEL MUSEO FUNDACI\u00d3N\u00bb title=\u00bb\u00abAmalio le ha puesto esta casa a la Giralda para hacerla suya.\u00ab\u00bb st_m_bottom=\u00bb45&#8243; st_tit_font_size=\u00bb50&#8243; st_tit_line_height=\u00bb60&#8243;][vc_column_text] El d\u00eda 3 de febrero de 1995&nbsp;(ocho d\u00edas antes de su muerte) el propio Amalio constitu\u00eda la fundaci\u00f3n, inscrita con el n\u00famero &nbsp;A34-SE19, y fijaba la [&hellip;]<\/p>\n","protected":false},"author":1,"featured_media":1132,"parent":0,"menu_order":0,"comment_status":"closed","ping_status":"closed","template":"page-templates\/home-page.php","meta":{"ngg_post_thumbnail":0},"_links":{"self":[{"href":"https:\/\/www.fundacionamalio.com\/index.php\/wp-json\/wp\/v2\/pages\/1095"}],"collection":[{"href":"https:\/\/www.fundacionamalio.com\/index.php\/wp-json\/wp\/v2\/pages"}],"about":[{"href":"https:\/\/www.fundacionamalio.com\/index.php\/wp-json\/wp\/v2\/types\/page"}],"author":[{"embeddable":true,"href":"https:\/\/www.fundacionamalio.com\/index.php\/wp-json\/wp\/v2\/users\/1"}],"replies":[{"embeddable":true,"href":"https:\/\/www.fundacionamalio.com\/index.php\/wp-json\/wp\/v2\/comments?post=1095"}],"version-history":[{"count":53,"href":"https:\/\/www.fundacionamalio.com\/index.php\/wp-json\/wp\/v2\/pages\/1095\/revisions"}],"predecessor-version":[{"id":2022,"href":"https:\/\/www.fundacionamalio.com\/index.php\/wp-json\/wp\/v2\/pages\/1095\/revisions\/2022"}],"wp:featuredmedia":[{"embeddable":true,"href":"https:\/\/www.fundacionamalio.com\/index.php\/wp-json\/wp\/v2\/media\/1132"}],"wp:attachment":[{"href":"https:\/\/www.fundacionamalio.com\/index.php\/wp-json\/wp\/v2\/media?parent=1095"}],"curies":[{"name":"wp","href":"https:\/\/api.w.org\/{rel}","templated":true}]}}